{"id":1461,"date":"2023-03-27T15:32:10","date_gmt":"2023-03-27T14:32:10","guid":{"rendered":"https:\/\/muza.si\/?page_id=1461"},"modified":"2023-03-27T15:32:10","modified_gmt":"2023-03-27T14:32:10","slug":"about-us","status":"publish","type":"page","link":"https:\/\/yoni.si\/en\/about-us\/","title":{"rendered":"About us"},"content":{"rendered":"<div class=\"wpb-content-wrapper\">[vc_row css=&#8221;.vc_custom_1435816078010{margin-bottom: 15px !important;}&#8221;][vc_column width=&#8221;1\/2&#8243;][vc_custom_heading text=&#8221;Welcome&#8221; use_theme_fonts=&#8221;yes&#8221;][vc_column_text css=&#8221;.vc_custom_1650005478301{margin-bottom: 32px !important;}&#8221;]Muza.si predstavlja univerzalni pristop do \u017eivljenja, ki prebuja zavest in spodbuja k prepoznavanju druga\u010dnosti in sposobnosti posameznika za ustvarjanje njegove prihodnosti.<\/p>\n<p>Muza je podpora in spodbuda, da se na\u0161a telesa zopet pove\u017eejo z Zemljo in poi\u0161\u010dejo svojo divjo naravo in z njo ustvarjajo. Muza vas pospremi \u010dez temni tunel in vas spodbudi v odpiranje ustvarjalnosti in mo\u010di, ki se skriva v vas.<\/p>\n<p>Muza.si se je rodila 1. novembra 2021 iz semena zavesti z vizijo, da pribli\u017ea in spodbuja ljudi k prepoznavanju zmo\u017enosti\u00a0 telesa, bitja in mo\u010di. Raziskovanje va\u0161e edinstvenosti je postavljanje semen, ki doprina\u0161ajo svetu in planetu na na\u010dine, ki jih prepoznate v prihodnosti.<\/p>\n<p>Muza.si med drugim spodbuja posameznike, umetnike, druga\u010dne\u017ee, raziskovalce \u017eivljenja\u00a0 k nadaljnjemu ustvarjanju, zato boste v trgovini na\u0161li njihove izdelke, ki v va\u0161 vsakdan doprina\u0161ajo ne le v materialu a tudi v energiji, ki spodbuja obilje in bogastvo v va\u0161em \u017eivljenju.[\/vc_column_text][\/vc_column][vc_column width=&#8221;1\/2&#8243;][vc_single_image image=&#8221;1398&#8243; img_size=&#8221;570&#215;350&#8243; css=&#8221;.vc_custom_1650005241974{margin-bottom: 69px !important;}&#8221;][\/vc_column][\/vc_row]\n<\/div>","protected":false},"excerpt":{"rendered":"<p>[vc_row css=&#8221;.vc_custom_1435816078010{margin-bottom: 15px !important;}&#8221;][vc_column width=&#8221;1\/2&#8243;][vc_custom_heading text=&#8221;Welcome&#8221; use_theme_fonts=&#8221;yes&#8221;][vc_column_text css=&#8221;.vc_custom_1650005478301{margin-bottom: 32px !important;}&#8221;]Muza.si predstavlja univerzalni pristop do \u017eivljenja, ki prebuja zavest in spodbuja k prepoznavanju druga\u010dnosti in sposobnosti posameznika za ustvarjanje njegove prihodnosti. Muza je podpora in spodbuda, da se na\u0161a telesa zopet pove\u017eejo z Zemljo in poi\u0161\u010dejo svojo divjo naravo in z njo ustvarjajo. Muza vas pospremi [&hellip;]<\/p>\n","protected":false},"author":1,"featured_media":0,"parent":0,"menu_order":0,"comment_status":"closed","ping_status":"closed","template":"","meta":{"pmpro_default_level":"","footnotes":""},"class_list":["post-1461","page","type-page","status-publish","hentry","pmpro-has-access"],"_links":{"self":[{"href":"https:\/\/yoni.si\/en\/wp-json\/wp\/v2\/pages\/1461","targetHints":{"allow":["GET"]}}],"collection":[{"href":"https:\/\/yoni.si\/en\/wp-json\/wp\/v2\/pages"}],"about":[{"href":"https:\/\/yoni.si\/en\/wp-json\/wp\/v2\/types\/page"}],"author":[{"embeddable":true,"href":"https:\/\/yoni.si\/en\/wp-json\/wp\/v2\/users\/1"}],"replies":[{"embeddable":true,"href":"https:\/\/yoni.si\/en\/wp-json\/wp\/v2\/comments?post=1461"}],"version-history":[{"count":2,"href":"https:\/\/yoni.si\/en\/wp-json\/wp\/v2\/pages\/1461\/revisions"}],"predecessor-version":[{"id":1465,"href":"https:\/\/yoni.si\/en\/wp-json\/wp\/v2\/pages\/1461\/revisions\/1465"}],"wp:attachment":[{"href":"https:\/\/yoni.si\/en\/wp-json\/wp\/v2\/media?parent=1461"}],"curies":[{"name":"wp","href":"https:\/\/api.w.org\/{rel}","templated":true}]}}